{"id":287,"date":"2017-01-09T00:41:16","date_gmt":"2017-01-08T23:41:16","guid":{"rendered":"http:\/\/www.gawh.it\/main\/?page_id=287"},"modified":"2019-10-14T22:33:47","modified_gmt":"2019-10-14T20:33:47","slug":"eventi-2016","status":"publish","type":"page","link":"https:\/\/www.gawh.it\/main\/eventi-2016\/","title":{"rendered":"Eventi 2016"},"content":{"rendered":"<p><span class=\"ff2 fc3 fs12 \">Qui trovate le attivit\u00e0 e il programma di conferenze del Gruppo Astrofili W. Herschel nel 2016. <\/span><\/p>\n<div class=\"em em-view-container\" id=\"em-view-1464103449\" data-view=\"list\">\r\n\t<div class=\"em pixelbones em-list em-events-list\" id=\"em-events-list-1464103449\" data-view-id=\"1464103449\">\r\n\t<table cellpadding=\"0\" cellspacing=\"0\" class=\"events-table\">\r\n    <thead>\r\n        <tr>\r\n\t\t\t<th class=\"event-time\" width=\"150\" style=\"color: #bebebe\">Data \/ Ora<\/th>\r\n\t\t\t<th class=\"event-description\" width=\"*\" style=\"color: #bebebe\">Evento<\/th>\r\n\t\t<\/tr>\r\n   \t<\/thead>\r\n    <tbody><tr style=\"color: #bebebe\">\r\n\t\t\t<td>\r\n                26\/01\/2016<br \/>\r\n                21:30 - 23:00\r\n            <\/td>\r\n            <td>\r\n                <a href=\"https:\/\/www.gawh.it\/main\/events\/assemblea-ordinaria-dei-soci\/\" style=\"color:  !important\">\r\n                Assemblea ordinaria dei soci<\/a>\r\n            <\/td>\r\n        <\/tr><tr style=\"color: #bebebe\">\r\n\t\t\t<td>\r\n                16\/02\/2016<br \/>\r\n                21:30 - 23:00\r\n            <\/td>\r\n            <td>\r\n                <a href=\"https:\/\/www.gawh.it\/main\/events\/corso-di-astrofotografia\/\" style=\"color: #ff6600 !important\">\r\n                Corso di astrofotografia<\/a><br \/><i>di Leonardo Orazi<\/i>\r\n            <\/td>\r\n        <\/tr><tr style=\"color: #bebebe\">\r\n\t\t\t<td>\r\n                01\/03\/2016<br \/>\r\n                21:30 - 23:00\r\n            <\/td>\r\n            <td>\r\n                <a href=\"https:\/\/www.gawh.it\/main\/events\/corso-di-astrofotografia-2\/\" style=\"color: #ff6600 !important\">\r\n                Corso di astrofotografia<\/a><br \/><i>di Leonardo Orazi<\/i>\r\n            <\/td>\r\n        <\/tr><tr style=\"color: #bebebe\">\r\n\t\t\t<td>\r\n                08\/03\/2016<br \/>\r\n                21:30 - 23:00\r\n            <\/td>\r\n            <td>\r\n                <a href=\"https:\/\/www.gawh.it\/main\/events\/loggetto-del-mese\/\" style=\"color: #ffcc00 !important\">\r\n                Oggetto del mese: NGC 2169<\/a><br \/><i>di Giancarlo Forno<\/i>\r\n            <\/td>\r\n        <\/tr><tr style=\"color: #bebebe\">\r\n\t\t\t<td>\r\n                15\/03\/2016<br \/>\r\n                21:30 - 23:00\r\n            <\/td>\r\n            <td>\r\n                <a href=\"https:\/\/www.gawh.it\/main\/events\/corso-di-astrofotografia-3\/\" style=\"color: #ff6600 !important\">\r\n                Corso di astrofotografia<\/a><br \/><i>di Leonardo Orazi<\/i>\r\n            <\/td>\r\n        <\/tr><tr style=\"color: #bebebe\">\r\n\t\t\t<td>\r\n                22\/03\/2016<br \/>\r\n                21:30 - 23:00\r\n            <\/td>\r\n            <td>\r\n                <a href=\"https:\/\/www.gawh.it\/main\/events\/corso-di-astrofotografia-4\/\" style=\"color: #ff6600 !important\">\r\n                Corso di astrofotografia<\/a><br \/><i>di Leonardo Orazi<\/i>\r\n            <\/td>\r\n        <\/tr><tr style=\"color: #bebebe\">\r\n\t\t\t<td>\r\n                05\/04\/2016<br \/>\r\n                21:30 - 23:00\r\n            <\/td>\r\n            <td>\r\n                <a href=\"https:\/\/www.gawh.it\/main\/events\/loggetto-del-mese-3\/\" style=\"color: #ffcc00 !important\">\r\n                Oggetto del mese: Andando a spasso per Laniakea, l&#8217;ammasso dell&#8217;Idra<\/a><br \/><i>di Marco Genovese<\/i>\r\n            <\/td>\r\n        <\/tr><tr style=\"color: #bebebe\">\r\n\t\t\t<td>\r\n                12\/04\/2016<br \/>\r\n                21:30 - 23:00\r\n            <\/td>\r\n            <td>\r\n                <a href=\"https:\/\/www.gawh.it\/main\/events\/le-aurore-boreali\/\" style=\"color: #339966 !important\">\r\n                Le aurore boreali<\/a><br \/><i>di Giancarlo Forno<\/i>\r\n            <\/td>\r\n        <\/tr><tr style=\"color: #bebebe\">\r\n\t\t\t<td>\r\n                19\/04\/2016<br \/>\r\n                21:30 - 23:00\r\n            <\/td>\r\n            <td>\r\n                <a href=\"https:\/\/www.gawh.it\/main\/events\/corso-di-astrofotografia-5\/\" style=\"color: #ff6600 !important\">\r\n                Corso di astrofotografia<\/a><br \/><i>di Leonardo Orazi<\/i>\r\n            <\/td>\r\n        <\/tr><tr style=\"color: #bebebe\">\r\n\t\t\t<td>\r\n                26\/04\/2016<br \/>\r\n                21:30 - 23:00\r\n            <\/td>\r\n            <td>\r\n                <a href=\"https:\/\/www.gawh.it\/main\/events\/corso-di-astrofotografia-6\/\" style=\"color: #ff6600 !important\">\r\n                Corso di astrofotografia<\/a><br \/><i>di Leonardo Orazi<\/i>\r\n            <\/td>\r\n        <\/tr><tr style=\"color: #bebebe\">\r\n\t\t\t<td>\r\n                03\/05\/2016<br \/>\r\n                21:30 - 23:00\r\n            <\/td>\r\n            <td>\r\n                <a href=\"https:\/\/www.gawh.it\/main\/events\/loggetto-del-mese-4\/\" style=\"color: #ffcc00 !important\">\r\n                Oggetto del mese: il transito di Mercurio<\/a><br \/><i>di Giacomo Barattia<\/i>\r\n            <\/td>\r\n        <\/tr><tr style=\"color: #bebebe\">\r\n\t\t\t<td>\r\n                10\/05\/2016<br \/>\r\n                21:30 - 23:00\r\n            <\/td>\r\n            <td>\r\n                <a href=\"https:\/\/www.gawh.it\/main\/events\/presentazione-del-campo-estivo-2016\/\" style=\"color: #339966 !important\">\r\n                Presentazione del campo estivo 2016<\/a><br \/><i>di Giancarlo Forno<\/i>\r\n            <\/td>\r\n        <\/tr><tr style=\"color: #bebebe\">\r\n\t\t\t<td>\r\n                17\/05\/2016<br \/>\r\n                21:30 - 23:00\r\n            <\/td>\r\n            <td>\r\n                <a href=\"https:\/\/www.gawh.it\/main\/events\/inquinamento-luminoso-proposta-di-legge-regionale\/\" style=\"color: #339966 !important\">\r\n                Inquinamento luminoso: proposta di legge regionale<\/a><br \/><i>di Alberto Cora (INAF-OATo)<\/i>\r\n            <\/td>\r\n        <\/tr><tr style=\"color: #bebebe\">\r\n\t\t\t<td>\r\n                01\/06\/2016 - 05\/06\/2016<br \/>\r\n                Tutto il giorno\r\n            <\/td>\r\n            <td>\r\n                <a href=\"https:\/\/www.gawh.it\/main\/events\/xxxv-campo-estivo\/\" style=\"color: #339966 !important\">\r\n                XXXV Campo Estivo<\/a>\r\n            <\/td>\r\n        <\/tr><tr style=\"color: #bebebe\">\r\n\t\t\t<td>\r\n                07\/06\/2016<br \/>\r\n                21:30 - 23:00\r\n            <\/td>\r\n            <td>\r\n                <a href=\"https:\/\/www.gawh.it\/main\/events\/loggetto-del-mese-5\/\" style=\"color: #ffcc00 !important\">\r\n                Oggetto del mese: NGC 5897, ammasso della Bilancia<\/a><br \/><i>di Giancarlo Forno<\/i>\r\n            <\/td>\r\n        <\/tr><tr style=\"color: #bebebe\">\r\n\t\t\t<td>\r\n                05\/07\/2016<br \/>\r\n                21:30 - 23:00\r\n            <\/td>\r\n            <td>\r\n                <a href=\"https:\/\/www.gawh.it\/main\/events\/loggetto-del-mese-6\/\" style=\"color: #ffcc00 !important\">\r\n                Oggetto del mese: M24, nube stellare del Sagittario<\/a><br \/><i>di Giancarlo Forno<\/i>\r\n            <\/td>\r\n        <\/tr><tr style=\"color: #bebebe\">\r\n\t\t\t<td>\r\n                06\/09\/2016<br \/>\r\n                21:30 - 23:00\r\n            <\/td>\r\n            <td>\r\n                <a href=\"https:\/\/www.gawh.it\/main\/events\/loggetto-del-mese-7\/\" style=\"color: #ffcc00 !important\">\r\n                Oggetto del mese: NGC 246, la nebulosa Teschio<\/a><br \/><i>di Giancarlo Forno<\/i>\r\n            <\/td>\r\n        <\/tr><tr style=\"color: #bebebe\">\r\n\t\t\t<td>\r\n                27\/09\/2016<br \/>\r\n                21:30 - 23:00\r\n            <\/td>\r\n            <td>\r\n                <a href=\"https:\/\/www.gawh.it\/main\/events\/perche-la-terra-e-fatta-cosi-la-chimica-delluniverso-parte-i\/\" style=\"color: #339966 !important\">\r\n                Perch\u00e9 la Terra \u00e8 fatta cos\u00ec &#8211; la chimica dell&#8217;Universo, Parte I<\/a><br \/><i>di Dott. Emanuele Costa<\/i>\r\n            <\/td>\r\n        <\/tr><tr style=\"color: #bebebe\">\r\n\t\t\t<td>\r\n                04\/10\/2016<br \/>\r\n                21:30 - 23:00\r\n            <\/td>\r\n            <td>\r\n                <a href=\"https:\/\/www.gawh.it\/main\/events\/perche-la-terra-e-fatta-cosi-la-chimica-delluniverso-parte-ii\/\" style=\"color: #339966 !important\">\r\n                Perch\u00e9 la Terra \u00e8 fatta cos\u00ec &#8211; la chimica dell&#8217;Universo, Parte II<\/a><br \/><i>di Dott. Emanuele Costa<\/i>\r\n            <\/td>\r\n        <\/tr><tr style=\"color: #bebebe\">\r\n\t\t\t<td>\r\n                11\/10\/2016<br \/>\r\n                21:30 - 23:00\r\n            <\/td>\r\n            <td>\r\n                <a href=\"https:\/\/www.gawh.it\/main\/events\/exomars-litalia-su-marte\/\" style=\"color: #339966 !important\">\r\n                Exomars: l&#8217;Italia su Marte<\/a><br \/><i>di Antonio Lo Campo<\/i>\r\n            <\/td>\r\n        <\/tr><tr style=\"color: #bebebe\">\r\n\t\t\t<td>\r\n                25\/10\/2016<br \/>\r\n                21:30 - 23:00\r\n            <\/td>\r\n            <td>\r\n                <a href=\"https:\/\/www.gawh.it\/main\/events\/loggetto-del-mese-8\/\" style=\"color: #ffcc00 !important\">\r\n                Oggetto del mese: NGC 7293, la grande nebulosa dell&#8217;Acquario<\/a><br \/><i>di Dario Petri<\/i>\r\n            <\/td>\r\n        <\/tr><tr style=\"color: #bebebe\">\r\n\t\t\t<td>\r\n                08\/11\/2016<br \/>\r\n                21:30 - 23:00\r\n            <\/td>\r\n            <td>\r\n                <a href=\"https:\/\/www.gawh.it\/main\/events\/lastrolabio-storia-costruzione-e-utilizzo\/\" style=\"color: #339966 !important\">\r\n                L&#8217;astrolabio: storia, costruzione e utilizzo<\/a><br \/><i>di Pier Giuseppe Barbero<\/i>\r\n            <\/td>\r\n        <\/tr><tr style=\"color: #bebebe\">\r\n\t\t\t<td>\r\n                15\/11\/2016<br \/>\r\n                21:30 - 23:00\r\n            <\/td>\r\n            <td>\r\n                <a href=\"https:\/\/www.gawh.it\/main\/events\/loggetto-del-mese-9\/\" style=\"color: #ffcc00 !important\">\r\n                Oggetto del mese: Abell 426, ammasso di galassie in Perseo<\/a><br \/><i>di Giancarlo Forno<\/i>\r\n            <\/td>\r\n        <\/tr><tr style=\"color: #bebebe\">\r\n\t\t\t<td>\r\n                22\/11\/2016<br \/>\r\n                21:30 - 23:00\r\n            <\/td>\r\n            <td>\r\n                <a href=\"https:\/\/www.gawh.it\/main\/events\/chiacchierata-sulla-teoria-delle-incertezze-per-applicazioni-astronomiche\/\" style=\"color: #ffcc00 !important\">\r\n                Chiacchierata sulla teoria delle incertezze per applicazioni astronomiche<\/a><br \/><i>di Marco Genovese<\/i>\r\n            <\/td>\r\n        <\/tr><\/tbody><\/table>\t<\/div>\r\n<\/div>\n<p><span class=\"ff2 fc3 fs12 \">Si \u00e8 ritenuto indicare con colori diversi le conferenze a seconda del grado di difficolt\u00e0, di strumentazione eventualmente necessaria, di preparazione teorica in campo astronomico.<\/span><\/p>\n<p><strong><span class=\"ff2 fc3 fs12 fb \">Legenda<\/span><span class=\"ff2 fc3 fs12 \">:<\/span><\/strong><span class=\"ff2 fc2 fs12 \"><br \/>\n<\/span><\/p>\n<ul>\n<li><span style=\"color: #ff6600;\"><strong><span class=\"ff2 fc7 fs12 fb \">Arancione<\/span><\/strong><\/span><span class=\"ff2 fc3 fs12 \">: corso di Astronomia<\/span><span class=\"ff2 fc4 fs12 fb \"><br \/>\n<\/span><\/li>\n<li><span style=\"color: #339966;\"><strong><span class=\"ff2 fc4 fs12 fb \">Verde<\/span><\/strong><\/span><span class=\"ff2 fc2 fs12 \">: <\/span><span class=\"ff2 fc3 fs12 \">alla portata di tutti<\/span><span class=\"ff2 fc2 fs12 \"><br \/>\n<\/span><\/li>\n<li><span style=\"color: #ffcc00;\"><strong><span class=\"ff2 fc5 fs12 fb \">Giallo<\/span><\/strong><\/span><span class=\"ff2 fc2 fs12 \">: <\/span><span class=\"ff2 fc3 fs12 \">si richiede una strumentazione astronomica e\/o qualche conoscenza di base<\/span><span class=\"ff2 fc2 fs12 \"><br \/>\n<\/span><\/li>\n<li><span style=\"color: #ff0000;\"><strong><span class=\"ff2 fc6 fs12 fb \">Rosso<\/span><\/strong><\/span><span class=\"ff2 fc2 fs12 \">: <\/span><span class=\"ff2 fc3 fs12 \">\u00e8 richiesta una strumentazione speciale o una certa abilit\u00e0, conoscenze superiori alla media<\/span><\/li>\n<\/ul>\n<p><strong><span class=\"ff2 fc3 fs12 \">Eventi degli anni passati:<\/span><\/strong><\/p>\n<ul>\n<li><a href=\"http:\/\/www.gawh.it\/old-net\/appuntamenti_2015.html\">Eventi del 2015<\/a><\/li>\n<li><a href=\"http:\/\/www.gawh.it\/old-net\/archivio.html\">Anni precedenti<\/a><\/li>\n<\/ul>\n","protected":false},"excerpt":{"rendered":"<p>Qui trovate le attivit\u00e0 e il programma di conferenze del Gruppo Astrofili W. Herschel nel 2016. Si \u00e8 ritenuto indicare con colori diversi le conferenze a seconda del grado di difficolt\u00e0, di strumentazione eventualmente necessaria, di preparazione teorica in campo astronomico. Legenda: Arancione: corso di Astronomia Verde: alla portata di tutti Giallo: si richiede una &hellip; <a href=\"https:\/\/www.gawh.it\/main\/eventi-2016\/\" class=\"more-link\">Continua a leggere <span class=\"screen-reader-text\">Eventi 2016<\/span><\/a><\/p>\n","protected":false},"author":2,"featured_media":0,"parent":0,"menu_order":0,"comment_status":"closed","ping_status":"closed","template":"","meta":{"footnotes":""},"class_list":["post-287","page","type-page","status-publish","hentry"],"_links":{"self":[{"href":"https:\/\/www.gawh.it\/main\/wp-json\/wp\/v2\/pages\/287","targetHints":{"allow":["GET"]}}],"collection":[{"href":"https:\/\/www.gawh.it\/main\/wp-json\/wp\/v2\/pages"}],"about":[{"href":"https:\/\/www.gawh.it\/main\/wp-json\/wp\/v2\/types\/page"}],"author":[{"embeddable":true,"href":"https:\/\/www.gawh.it\/main\/wp-json\/wp\/v2\/users\/2"}],"replies":[{"embeddable":true,"href":"https:\/\/www.gawh.it\/main\/wp-json\/wp\/v2\/comments?post=287"}],"version-history":[{"count":2,"href":"https:\/\/www.gawh.it\/main\/wp-json\/wp\/v2\/pages\/287\/revisions"}],"predecessor-version":[{"id":599,"href":"https:\/\/www.gawh.it\/main\/wp-json\/wp\/v2\/pages\/287\/revisions\/599"}],"wp:attachment":[{"href":"https:\/\/www.gawh.it\/main\/wp-json\/wp\/v2\/media?parent=287"}],"curies":[{"name":"wp","href":"https:\/\/api.w.org\/{rel}","templated":true}]}}