{"id":29,"date":"2015-04-07T20:29:11","date_gmt":"2015-04-07T18:29:11","guid":{"rendered":"http:\/\/www.gawh.it\/wp\/?page_id=29"},"modified":"2023-04-20T19:58:12","modified_gmt":"2023-04-20T17:58:12","slug":"chi-siamo","status":"publish","type":"page","link":"https:\/\/www.gawh.it\/main\/chi-siamo\/","title":{"rendered":"Chi siamo"},"content":{"rendered":"\n<figure class=\"wp-block-image size-full is-resized\"><a href=\"https:\/\/www.gawh.it\/main\/wp-content\/uploads\/2015\/04\/newlogo02.jpg\"><img loading=\"lazy\" decoding=\"async\" src=\"https:\/\/www.gawh.it\/main\/wp-content\/uploads\/2015\/04\/newlogo02.jpg\" alt=\"\" class=\"wp-image-172\" width=\"691\" height=\"691\" srcset=\"https:\/\/www.gawh.it\/main\/wp-content\/uploads\/2015\/04\/newlogo02.jpg 500w, https:\/\/www.gawh.it\/main\/wp-content\/uploads\/2015\/04\/newlogo02-150x150.jpg 150w, https:\/\/www.gawh.it\/main\/wp-content\/uploads\/2015\/04\/newlogo02-300x300.jpg 300w\" sizes=\"auto, (max-width: 691px) 100vw, 691px\" \/><\/a><\/figure>\n\n\n<p class=\"imAlign_justify\"><span class=\"ff3 fc3 fs12 \">Ci presentiamo: siamo un gruppo persone di tutte le et\u00e0, con lavori diversi e con vite diverse, ma tutti accomunati da un unico hobby, e cio\u00e8 la passione per il cielo e per quello che contiene! Sin dal 1981, il GAWH \u00e8 sempre stato il punto di riferimento per gli appassionati della zona Torinese!<\/span><\/p>\n<p><span class=\"ff3 fc4 fs12 fb \"><br><\/span><strong><span class=\"ff3 fc5 fs12 fb \">Cosa puoi trovare da noi?<\/span><\/strong><span class=\"ff3 fc5 fs12 \"><br><\/span><span class=\"ff3 fc3 fs12 \"><br>Innanzitutto un interesse sempre vivo per tutti gli aspetti dell&#8217;astronomia, in particolare per quelli pratici legati all&#8217;uso dei telescopi amatoriali. Incontrerai esperti in tutti i settori dell&#8217;osservazione visuale, fotografica ed elettronica, potrai consultare le molte pubblicazioni a cui siamo abbonati e collaborare con le maggiori associazioni nazionali ed estere.<br>Hai problemi col tuo strumento? Vuoi suggerimenti per non sbagliare un acquisto? Vuoi provare degli accessori? Abbiamo esperienza su gran parte del materiale in commercio.<br>Vuoi vedere le nostre fotografie e mostrarci le tue? Vuoi avere consigli e consulenze? Se hai bisogno di noi, non attendere&#8230; e se sei gi\u00e0 un osservatore esperto, se sai tutto delle calotte polari di Marte e della fotometria delle stelle magnetiche&#8230; allora siamo noi ad aver bisogno di te!<br>Inoltre organizziamo conferenze e serate di osservazione pubblica, saltuariamente o in occasione di eventi speciali: guarda nella sezione appuntamenti!<\/span><\/p>\n<p>Il Gruppo Astrofili William Herschel ha collaborato con l&#8217;Unione Astrofili Italiani; in particolare con la Sezione di Ricerca per il Cielo Profondo (http:\/\/cieloprofondo.uai.it\/).<\/p>\n<p>Il Gruppo Herschel ha restaurato, in collaborazione con il personale dell&#8217;Osservatorio Astronomico di Torino, a Pino Torinese, il telescopio Morais, il pi\u00f9 grande rifrattore d&#8217;Italia (420mm f\/17). <a href=\"http:\/\/www.gawh.it\/main\/?page_id=59\">Guardate come \u00e8 stato trasformato in qualche giorno di appassionato lavoro!<\/a><\/p>\n<p>Se volete leggere la storia del Gruppo Astrofili William Herschel, cliccate sul primo o secondo link per vederla a bassa o ad alta risoluzione. Potete salvare il file sul vostro computer, cliccando con il tasto destro del mouse e selezionando l&#8217;opzione &#8220;salva oggetto con nome&#8221;.<\/p>\n<p class=\"imAlign_left\"><span class=\"ff3 fc3 fs12 \"><br><\/span><span class=\"ff3 fc3 fs12 \"><a href=\"http:\/\/www.gawh.it\/main\/wp-content\/uploads\/2015\/04\/storia1.pdf\">Venticinque anni di astronomia a Torino<\/a> (vers. PDF Low Res &#8211; 2,47 MB) di Pier Giuseppe Barbero<br><\/span><span class=\"ff3 fc3 fs12 \"><a href=\"http:\/\/www.gawh.it\/main\/wp-content\/uploads\/2015\/04\/storia.pdf\">Venticinque anni di astronomia a Torino<\/a> (vers. PDF High Res &#8211; 10.40 MB) di Pier Giuseppe Barbero<\/span><\/p>\n\n\n<p><\/p>\n\n\n\n<p><strong>Cinque per mille<\/strong><\/p>\n\n\n\n<p>Se desiderate donare il <strong>cinque per mille<\/strong> dell&#8217;IRPEF al Gruppo Astrofili, potete farlo inserendo il nostro codice fiscale <strong>97533310013<\/strong> nella dichiarazione dei redditi, sezione <em>Sostegno degli enti del Terzo Settore iscritti nel RUNTS di cui all&#8217;art. 46, c. 1, del D.Lgs. 3 luglio 2017, n.117, comprese le cooperative sociali ed escluse le imprese sociali costituite in forma di societ\u00e0, nonch\u00e9 sostegno delle ONLUS iscritte all&#8217;anagrafe<\/em>.<\/p>\n","protected":false},"excerpt":{"rendered":"<p>Ci presentiamo: siamo un gruppo persone di tutte le et\u00e0, con lavori diversi e con vite diverse, ma tutti accomunati da un unico hobby, e cio\u00e8 la passione per il cielo e per quello che contiene! Sin dal 1981, il GAWH \u00e8 sempre stato il punto di riferimento per gli appassionati della zona Torinese! Cosa &hellip; <a href=\"https:\/\/www.gawh.it\/main\/chi-siamo\/\" class=\"more-link\">Continua a leggere <span class=\"screen-reader-text\">Chi siamo<\/span><\/a><\/p>\n","protected":false},"author":2,"featured_media":0,"parent":0,"menu_order":0,"comment_status":"closed","ping_status":"open","template":"","meta":{"footnotes":""},"class_list":["post-29","page","type-page","status-publish","hentry"],"_links":{"self":[{"href":"https:\/\/www.gawh.it\/main\/wp-json\/wp\/v2\/pages\/29","targetHints":{"allow":["GET"]}}],"collection":[{"href":"https:\/\/www.gawh.it\/main\/wp-json\/wp\/v2\/pages"}],"about":[{"href":"https:\/\/www.gawh.it\/main\/wp-json\/wp\/v2\/types\/page"}],"author":[{"embeddable":true,"href":"https:\/\/www.gawh.it\/main\/wp-json\/wp\/v2\/users\/2"}],"replies":[{"embeddable":true,"href":"https:\/\/www.gawh.it\/main\/wp-json\/wp\/v2\/comments?post=29"}],"version-history":[{"count":12,"href":"https:\/\/www.gawh.it\/main\/wp-json\/wp\/v2\/pages\/29\/revisions"}],"predecessor-version":[{"id":1739,"href":"https:\/\/www.gawh.it\/main\/wp-json\/wp\/v2\/pages\/29\/revisions\/1739"}],"wp:attachment":[{"href":"https:\/\/www.gawh.it\/main\/wp-json\/wp\/v2\/media?parent=29"}],"curies":[{"name":"wp","href":"https:\/\/api.w.org\/{rel}","templated":true}]}}