{"id":41,"date":"2015-04-13T23:34:25","date_gmt":"2015-04-13T21:34:25","guid":{"rendered":"http:\/\/www.gawh.it\/wp\/?page_id=41"},"modified":"2026-01-11T19:15:33","modified_gmt":"2026-01-11T18:15:33","slug":"dove-siamo","status":"publish","type":"page","link":"https:\/\/www.gawh.it\/main\/dove-siamo\/","title":{"rendered":"Dove siamo"},"content":{"rendered":"\n<p><span class=\"ff3 fc3 fs12 \">Le nostre riunioni hanno cadenza settimanale: ci incontriamo ogni <strong>marted\u00ec sera dalle 21.30 <\/strong>in una sala messa a disposizione dalla<strong> Parrocchia San Murialdo, <\/strong>con entrata in<strong> via De Sanctis 28, Torino<\/strong>. Una volta superato l&#8217;ingresso, si sale al primo piano, poi si entra tramite la seconda porta sulla sinistra.<\/span><\/p>\n\n\n\n<figure class=\"wp-block-image size-full\"><a href=\"https:\/\/www.google.com\/maps\/place\/Via+Francesco+De+Sanctis,+28,+10142+Torino+TO\/@45.0721198,7.615907,17z\/data=!3m1!4b1!4m6!3m5!1s0x47886c9ae6bce0fd:0x28c7f236250d1fd8!8m2!3d45.072116!4d7.6184819!16s%2Fg%2F11bw43_wf3?authuser=0&amp;entry=ttu&amp;g_ep=EgoyMDI2MDEwNy4wIKXMDSoKLDEwMDc5MjA2N0gBUAM%3D\"><img loading=\"lazy\" decoding=\"async\" width=\"912\" height=\"713\" src=\"https:\/\/www.gawh.it\/main\/wp-content\/uploads\/2026\/01\/image.png\" alt=\"\" class=\"wp-image-2625\" srcset=\"https:\/\/www.gawh.it\/main\/wp-content\/uploads\/2026\/01\/image.png 912w, https:\/\/www.gawh.it\/main\/wp-content\/uploads\/2026\/01\/image-300x235.png 300w, https:\/\/www.gawh.it\/main\/wp-content\/uploads\/2026\/01\/image-768x600.png 768w\" sizes=\"auto, (max-width: 912px) 100vw, 912px\" \/><\/a><figcaption class=\"wp-element-caption\">Sala riunioni del GAWH, via De Sanctis 28, Torino<\/figcaption><\/figure>\n\n\n\n<p><span class=\"ff2 fc3 fs12 \">L&#8217;accesso alle nostre riunioni \u00e8 libero e aperto a tutti. Se poi ti interessa far parte attiva del Gruppo, potrai iscriverti in un secondo tempo.<\/span><\/p>\n\n\n\n<p>Durante i nostri incontri le attivit\u00e0 sono varie e interessanti:<br>parliamo delle osservazioni eseguite e coordiniamo l&#8217;attivit\u00e0 del gruppo;<br>organizziamo conferenze interne su argomenti vari (per esempio le riprese con camera CCD, le osservazioni planetarie, stelle doppie, etc&#8230;);<br>organizziamo spedizioni osservative, e ogni anno, un campo estivo in alta montagna, che ci consente di godere di un cielo limpidissimo.<\/p>\n\n\n\n<p>A tua disposizione potrai trovare atlanti stellari, cataloghi, manuali e parecchi libri; inoltre i nostri abbonamenti a riviste nazionali ed internazionali ci mantengono costantemente aggiornati sulle ultime novit\u00e0. Questo materiale \u00e8 a disposizione dei Soci regolari.<\/p>\n\n\n\n<p>Non \u00e8 necessario avere un telescopio per partecipare alle nostre attivit\u00e0, ma naturalmente la maggior parte dei Soci sono attrezzati in questo senso. La cortesia e la disponibilit\u00e0 sono alla base di una sana crescita in qualunque campo, e quindi durante le nostre uscite osservative ognuno di noi cerca di mettere a disposizione i suoi mezzi: questo facilita e garantisce anche le comparazioni tra i telescopi, e permette a chi \u00e8 inesperto di farsi un idea di cosa comprare.<\/p>\n\n\n\n<p>Il nostro indirizzo di posta elettronica \u00e8: <strong>info[at]gawh.net<\/strong><\/p>\n\n\n\n<p>(per evitare lo spamming utilizziamo [at] al posto del simbolo omonimo; scriveteci quindi a &#8220;info chiocciola gawh.net&#8221;)<\/p>\n\n\n\n<p>Indirizzo PEC: <strong>gawh[at]pec.it<\/strong><\/p>\n\n\n\n<p>Se vuoi scriverci, il nostro indirizzo postale \u00e8:<span class=\"ff2 fc4 fs12 \"><br><\/span><\/p>\n\n\n\n<p class=\"has-text-align-center\"><strong><span class=\"ff2 fc4 fs12 fb \">Gruppo Astrofili William Herschel<br>P.zza del Monastero, 6<br>10146 &#8211; Torino<\/span><\/strong><\/p>\n","protected":false},"excerpt":{"rendered":"<p>Le nostre riunioni hanno cadenza settimanale: ci incontriamo ogni marted\u00ec sera dalle 21.30 in una sala messa a disposizione dalla Parrocchia San Murialdo, con entrata in via De Sanctis 28, Torino. Una volta superato l&#8217;ingresso, si sale al primo piano, poi si entra tramite la seconda porta sulla sinistra. L&#8217;accesso alle nostre riunioni \u00e8 libero &hellip; <a href=\"https:\/\/www.gawh.it\/main\/dove-siamo\/\" class=\"more-link\">Continua a leggere <span class=\"screen-reader-text\">Dove siamo<\/span><\/a><\/p>\n","protected":false},"author":2,"featured_media":0,"parent":0,"menu_order":0,"comment_status":"closed","ping_status":"open","template":"","meta":{"footnotes":""},"class_list":["post-41","page","type-page","status-publish","hentry"],"_links":{"self":[{"href":"https:\/\/www.gawh.it\/main\/wp-json\/wp\/v2\/pages\/41","targetHints":{"allow":["GET"]}}],"collection":[{"href":"https:\/\/www.gawh.it\/main\/wp-json\/wp\/v2\/pages"}],"about":[{"href":"https:\/\/www.gawh.it\/main\/wp-json\/wp\/v2\/types\/page"}],"author":[{"embeddable":true,"href":"https:\/\/www.gawh.it\/main\/wp-json\/wp\/v2\/users\/2"}],"replies":[{"embeddable":true,"href":"https:\/\/www.gawh.it\/main\/wp-json\/wp\/v2\/comments?post=41"}],"version-history":[{"count":14,"href":"https:\/\/www.gawh.it\/main\/wp-json\/wp\/v2\/pages\/41\/revisions"}],"predecessor-version":[{"id":2627,"href":"https:\/\/www.gawh.it\/main\/wp-json\/wp\/v2\/pages\/41\/revisions\/2627"}],"wp:attachment":[{"href":"https:\/\/www.gawh.it\/main\/wp-json\/wp\/v2\/media?parent=41"}],"curies":[{"name":"wp","href":"https:\/\/api.w.org\/{rel}","templated":true}]}}